{"id":1210,"date":"2020-04-05T16:02:51","date_gmt":"2020-04-05T14:02:51","guid":{"rendered":"http:\/\/zinkko.de\/?page_id=1210"},"modified":"2024-06-04T21:35:05","modified_gmt":"2024-06-04T19:35:05","slug":"das-zinkko-nachhilfeprojekt","status":"publish","type":"page","link":"http:\/\/zinkko.de\/?page_id=1210","title":{"rendered":"Das ZinKKo\u00ae-Nachhilfeprojekt"},"content":{"rendered":"\t\t<div data-elementor-type=\"wp-post\" data-elementor-id=\"1210\" class=\"elementor elementor-1210\" data-elementor-settings=\"[]\">\n\t\t\t\t\t\t<div class=\"elementor-inner\">\n\t\t\t\t\t\t\t<div class=\"elementor-section-wrap\">\n\t\t\t\t\t\t\t<section class=\"elementor-section elementor-top-section elementor-element elementor-element-bfe78a3 elementor-section-boxed elementor-section-height-default elementor-section-height-default\" data-id=\"bfe78a3\" data-element_type=\"section\">\n\t\t\t\t\t\t<div class=\"elementor-container elementor-column-gap-default\">\n\t\t\t\t\t\t\t<div class=\"elementor-row\">\n\t\t\t\t\t<div class=\"elementor-column elementor-col-100 elementor-top-column elementor-element elementor-element-a114718\" data-id=\"a114718\" data-element_type=\"column\">\n\t\t\t<div class=\"elementor-column-wrap elementor-element-populated\">\n\t\t\t\t\t\t\t<div class=\"elementor-widget-wrap\">\n\t\t\t\t\t\t<div class=\"elementor-element elementor-element-bc05fea elementor-widget-divider--view-line elementor-widget elementor-widget-divider\" data-id=\"bc05fea\" data-element_type=\"widget\" data-widget_type=\"divider.default\">\n\t\t\t\t<div class=\"elementor-widget-container\">\n\t\t\t\t\t<div class=\"elementor-divider\">\n\t\t\t<span class=\"elementor-divider-separator\">\n\t\t\t\t\t\t<\/span>\n\t\t<\/div>\n\t\t\t\t<\/div>\n\t\t\t\t<\/div>\n\t\t\t\t\t\t<\/div>\n\t\t\t\t\t<\/div>\n\t\t<\/div>\n\t\t\t\t\t\t\t\t<\/div>\n\t\t\t\t\t<\/div>\n\t\t<\/section>\n\t\t\t\t<section class=\"elementor-section elementor-top-section elementor-element elementor-element-8dfaaa5 elementor-section-boxed elementor-section-height-default elementor-section-height-default\" data-id=\"8dfaaa5\" data-element_type=\"section\">\n\t\t\t\t\t\t<div class=\"elementor-container elementor-column-gap-default\">\n\t\t\t\t\t\t\t<div class=\"elementor-row\">\n\t\t\t\t\t<div class=\"elementor-column elementor-col-100 elementor-top-column elementor-element elementor-element-42be234\" data-id=\"42be234\" data-element_type=\"column\">\n\t\t\t<div class=\"elementor-column-wrap elementor-element-populated\">\n\t\t\t\t\t\t\t<div class=\"elementor-widget-wrap\">\n\t\t\t\t\t\t<div class=\"elementor-element elementor-element-257554f elementor-widget elementor-widget-text-editor\" data-id=\"257554f\" data-element_type=\"widget\" data-widget_type=\"text-editor.default\">\n\t\t\t\t<div class=\"elementor-widget-container\">\n\t\t\t\t\t\t\t\t<div class=\"elementor-text-editor elementor-clearfix\">\n\t\t\t\t<p><strong>Hinweis:<\/strong> Nach dem Wechsel im Vereinsvorstand wurde beschlossen, das ZinKKo\u00ae-Nachhilfeangebot aufgrund des hohen Verwaltungsaufwands zu beenden und stattdessen eine niedrigschwellige\u00a0<a href=\"http:\/\/zinkko.de\/?page_id=1243\">Lernf\u00f6rderung f\u00fcr Grundsch\u00fcle<\/a>r anzubieten. Die \u00e4lteren Sch\u00fcler wurden Anfang 2018 an eine andere Institution vermittelt.<\/p>\t\t\t\t\t<\/div>\n\t\t\t\t\t\t<\/div>\n\t\t\t\t<\/div>\n\t\t\t\t\t\t<\/div>\n\t\t\t\t\t<\/div>\n\t\t<\/div>\n\t\t\t\t\t\t\t\t<\/div>\n\t\t\t\t\t<\/div>\n\t\t<\/section>\n\t\t\t\t<section class=\"elementor-section elementor-top-section elementor-element elementor-element-72c4cc3 elementor-section-boxed elementor-section-height-default elementor-section-height-default\" data-id=\"72c4cc3\" data-element_type=\"section\">\n\t\t\t\t\t\t<div class=\"elementor-container elementor-column-gap-default\">\n\t\t\t\t\t\t\t<div class=\"elementor-row\">\n\t\t\t\t\t<div class=\"elementor-column elementor-col-100 elementor-top-column elementor-element elementor-element-e412fe7\" data-id=\"e412fe7\" data-element_type=\"column\">\n\t\t\t<div class=\"elementor-column-wrap elementor-element-populated\">\n\t\t\t\t\t\t\t<div class=\"elementor-widget-wrap\">\n\t\t\t\t\t\t<div class=\"elementor-element elementor-element-d99d900 elementor-widget-divider--view-line elementor-widget elementor-widget-divider\" data-id=\"d99d900\" data-element_type=\"widget\" data-widget_type=\"divider.default\">\n\t\t\t\t<div class=\"elementor-widget-container\">\n\t\t\t\t\t<div class=\"elementor-divider\">\n\t\t\t<span class=\"elementor-divider-separator\">\n\t\t\t\t\t\t<\/span>\n\t\t<\/div>\n\t\t\t\t<\/div>\n\t\t\t\t<\/div>\n\t\t\t\t\t\t<\/div>\n\t\t\t\t\t<\/div>\n\t\t<\/div>\n\t\t\t\t\t\t\t\t<\/div>\n\t\t\t\t\t<\/div>\n\t\t<\/section>\n\t\t\t\t<section class=\"elementor-section elementor-top-section elementor-element elementor-element-b99bb02 elementor-section-boxed elementor-section-height-default elementor-section-height-default\" data-id=\"b99bb02\" data-element_type=\"section\">\n\t\t\t\t\t\t<div class=\"elementor-container elementor-column-gap-default\">\n\t\t\t\t\t\t\t<div class=\"elementor-row\">\n\t\t\t\t\t<div class=\"elementor-column elementor-col-100 elementor-top-column elementor-element elementor-element-6c2ca88\" data-id=\"6c2ca88\" data-element_type=\"column\">\n\t\t\t<div class=\"elementor-column-wrap elementor-element-populated\">\n\t\t\t\t\t\t\t<div class=\"elementor-widget-wrap\">\n\t\t\t\t\t\t<div class=\"elementor-element elementor-element-4f32373 elementor-widget elementor-widget-text-editor\" data-id=\"4f32373\" data-element_type=\"widget\" data-widget_type=\"text-editor.default\">\n\t\t\t\t<div class=\"elementor-widget-container\">\n\t\t\t\t\t\t\t\t<div class=\"elementor-text-editor elementor-clearfix\">\n\t\t\t\t<p><span style=\"font-size: inherit;\">Auf Anfrage einer Stader Schule richtete der Verein ZinKKo im M\u00e4rz 2017 ein Nachhilfeangebot f\u00fcr neu zugewanderte Sch\u00fcler*innen im Fach Deutsch ein. Auf Empfehlung der Schule nahmen die Sch\u00fcler*innen teil, die trotz der Wahrnehmung des schulischen Sprachf\u00f6rderangebots aus verschiedenen Gr\u00fcnden nur langsam Fortschritte machten.<\/span><\/p><p>Der Verein \u00fcbernahm f\u00fcr die einzelnen Sch\u00fcler eine Art \u201eBildungspatenschaft\u201c. Der Kontakt zu den Familien wurde durch die Schule vermittelt. Die Eltern wurden durch ZinKKo\u00ae-Bildungsexpertinnen muttersprachlich unterst\u00fctzt und hinsichtlich der Erwartungen der Schule an sie als Eltern informiert. Bei der Beantragung von Leistungen f\u00fcr Bildung und Teilhabe (angemessene Lernf\u00f6rderung) wurden die Eltern eng begleitet. In Abstimmung mit den Klassen- und Fachlehrkr\u00e4ften wurden die Sch\u00fcler*innen einzeln oder in Zweier- oder Dreiergruppen intensiv gef\u00f6rdert.<\/p>\t\t\t\t\t<\/div>\n\t\t\t\t\t\t<\/div>\n\t\t\t\t<\/div>\n\t\t\t\t<div class=\"elementor-element elementor-element-c6d76ae elementor-widget elementor-widget-spacer\" data-id=\"c6d76ae\" data-element_type=\"widget\" data-widget_type=\"spacer.default\">\n\t\t\t\t<div class=\"elementor-widget-container\">\n\t\t\t\t\t<div class=\"elementor-spacer\">\n\t\t\t<div class=\"elementor-spacer-inner\"><\/div>\n\t\t<\/div>\n\t\t\t\t<\/div>\n\t\t\t\t<\/div>\n\t\t\t\t\t\t<\/div>\n\t\t\t\t\t<\/div>\n\t\t<\/div>\n\t\t\t\t\t\t\t\t<\/div>\n\t\t\t\t\t<\/div>\n\t\t<\/section>\n\t\t\t\t\t\t<\/div>\n\t\t\t\t\t\t<\/div>\n\t\t\t\t\t<\/div>\n\t\t","protected":false},"excerpt":{"rendered":"<p>Hinweis: Nach dem Wechsel im Vereinsvorstand wurde beschlossen, das ZinKKo\u00ae-Nachhilfeangebot aufgrund des hohen Verwaltungsaufwands zu beenden und stattdessen eine niedrigschwellige\u00a0Lernf\u00f6rderung f\u00fcr Grundsch\u00fcler anzubieten. Die \u00e4lteren Sch\u00fcler wurden Anfang 2018 an eine andere Institution vermittelt. Auf Anfrage einer Stader Schule richtete der Verein ZinKKo im M\u00e4rz 2017 ein Nachhilfeangebot f\u00fcr neu [&hellip;]<\/p>\n","protected":false},"author":1,"featured_media":1545,"parent":0,"menu_order":0,"comment_status":"closed","ping_status":"closed","template":"","meta":[],"_links":{"self":[{"href":"http:\/\/zinkko.de\/index.php?rest_route=\/wp\/v2\/pages\/1210"}],"collection":[{"href":"http:\/\/zinkko.de\/index.php?rest_route=\/wp\/v2\/pages"}],"about":[{"href":"http:\/\/zinkko.de\/index.php?rest_route=\/wp\/v2\/types\/page"}],"author":[{"embeddable":true,"href":"http:\/\/zinkko.de\/index.php?rest_route=\/wp\/v2\/users\/1"}],"replies":[{"embeddable":true,"href":"http:\/\/zinkko.de\/index.php?rest_route=%2Fwp%2Fv2%2Fcomments&post=1210"}],"version-history":[{"count":19,"href":"http:\/\/zinkko.de\/index.php?rest_route=\/wp\/v2\/pages\/1210\/revisions"}],"predecessor-version":[{"id":2074,"href":"http:\/\/zinkko.de\/index.php?rest_route=\/wp\/v2\/pages\/1210\/revisions\/2074"}],"wp:featuredmedia":[{"embeddable":true,"href":"http:\/\/zinkko.de\/index.php?rest_route=\/wp\/v2\/media\/1545"}],"wp:attachment":[{"href":"http:\/\/zinkko.de\/index.php?rest_route=%2Fwp%2Fv2%2Fmedia&parent=1210"}],"curies":[{"name":"wp","href":"https:\/\/api.w.org\/{rel}","templated":true}]}}